{"id":984,"date":"2022-11-16T15:14:30","date_gmt":"2022-11-16T14:14:30","guid":{"rendered":"https:\/\/www.elcentredelavila.es\/oportunidades-y-publicidad\/"},"modified":"2022-12-20T09:24:55","modified_gmt":"2022-12-20T08:24:55","slug":"oportunidades-y-publicidad","status":"publish","type":"page","link":"https:\/\/www.elcentredelavila.es\/ca\/oportunidades-y-publicidad\/","title":{"rendered":"Oportunitats i publicitat"},"content":{"rendered":"\n<p>Si est\u00e0s interessat a promocionar el teu negoci, o necessites m\u00e9s informaci\u00f3 sobre els espais publicitaris disponibles, no dubtis a emplenar el formulari o enviar-nos un correu electr\u00f2nic a cclavila@mercasa.es<\/p>\n","protected":false},"excerpt":{"rendered":"<p>Si est\u00e0s interessat a promocionar el teu negoci, o necessites m\u00e9s informaci\u00f3 sobre els espais publicitaris disponibles, no dubtis a emplenar el formulari o enviar-nos un correu electr\u00f2nic a cclavila@mercasa.es<\/p>\n","protected":false},"author":1,"featured_media":0,"parent":0,"menu_order":0,"comment_status":"closed","ping_status":"closed","template":"page-templates\/contacto.php","meta":{"_acf_changed":false,"footnotes":""},"class_list":["post-984","page","type-page","status-publish","hentry"],"acf":[],"_links":{"self":[{"href":"https:\/\/www.elcentredelavila.es\/ca\/wp-json\/wp\/v2\/pages\/984","targetHints":{"allow":["GET"]}}],"collection":[{"href":"https:\/\/www.elcentredelavila.es\/ca\/wp-json\/wp\/v2\/pages"}],"about":[{"href":"https:\/\/www.elcentredelavila.es\/ca\/wp-json\/wp\/v2\/types\/page"}],"author":[{"embeddable":true,"href":"https:\/\/www.elcentredelavila.es\/ca\/wp-json\/wp\/v2\/users\/1"}],"replies":[{"embeddable":true,"href":"https:\/\/www.elcentredelavila.es\/ca\/wp-json\/wp\/v2\/comments?post=984"}],"version-history":[{"count":2,"href":"https:\/\/www.elcentredelavila.es\/ca\/wp-json\/wp\/v2\/pages\/984\/revisions"}],"predecessor-version":[{"id":1064,"href":"https:\/\/www.elcentredelavila.es\/ca\/wp-json\/wp\/v2\/pages\/984\/revisions\/1064"}],"wp:attachment":[{"href":"https:\/\/www.elcentredelavila.es\/ca\/wp-json\/wp\/v2\/media?parent=984"}],"curies":[{"name":"wp","href":"https:\/\/api.w.org\/{rel}","templated":true}]}}